{"id":239302,"date":"2019-07-18T11:53:14","date_gmt":"2019-07-18T09:53:14","guid":{"rendered":"https:\/\/stiprijeka.com\/aktivnosti-udruga-sudskih-tumaca-i-prevoditelja\/"},"modified":"2022-12-07T16:49:42","modified_gmt":"2022-12-07T14:49:42","slug":"news","status":"publish","type":"page","link":"https:\/\/stiprijeka.com\/en\/news\/","title":{"rendered":"News"},"content":{"rendered":"<p>[et_pb_section fb_built=&#8221;1&#8243; _builder_version=&#8221;3.18.9&#8243; custom_margin=&#8221;||0px&#8221; custom_padding=&#8221;||0px||false|false&#8221;][et_pb_row use_custom_gutter=&#8221;on&#8221; gutter_width=&#8221;1&#8243; custom_padding=&#8221;0px||0px&#8221; custom_margin=&#8221;0px||0px&#8221; make_equal=&#8221;on&#8221; background_color_1=&#8221;#fc5e32&#8243; background_color_3=&#8221;#96cc4f&#8221; background_color_4=&#8221;#fc5e32&#8243; bg_img_2=&#8221;https:\/\/stiprijeka.com\/wp-content\/uploads\/2019\/07\/obuke-edukacije-udruga-stip.jpg&#8221; _builder_version=&#8221;3.18.9&#8243; module_alignment=&#8221;center&#8221;][et_pb_column type=&#8221;1_2&#8243; _builder_version=&#8221;3.18.9&#8243; background_color=&#8221;#fc5e32&#8243; parallax=&#8221;off&#8221; parallax_method=&#8221;on&#8221;][et_pb_blurb title=&#8221;AKTIVNOSTI UDRUGE&#8221; image_max_width=&#8221;29%&#8221; _builder_version=&#8221;3.18.9&#8243; header_level=&#8221;h1&#8243; header_font=&#8221;||||||||&#8221; header_text_align=&#8221;left&#8221; header_text_color=&#8221;#ffffff&#8221; custom_margin=&#8221;15%||0px&#8221; custom_margin_phone=&#8221;|||&#8221; custom_margin_last_edited=&#8221;on|phone&#8221; custom_padding=&#8221;||0px|&#8221; custom_padding_phone=&#8221;||3%|&#8221; custom_padding_last_edited=&#8221;on|phone&#8221; custom_css_blurb_content=&#8221;padding-left: 20px;\t||padding-right: 20px;\t&#8220;]<\/p>\n<h6>Saznajte novosti iz struke, komentirajte izmjene zakonodavstva, pratite rad Udruge STIP Rijeka i budite aktivan dio na\u0161e zajednice<\/h6>\n<p>[\/et_pb_blurb][\/et_pb_column][et_pb_column type=&#8221;1_4&#8243; _builder_version=&#8221;3.18.9&#8243; bg_img=&#8221;https:\/\/stiprijeka.com\/wp-content\/uploads\/2019\/07\/obuke-edukacije-udruga-stip.jpg&#8221; parallax=&#8221;off&#8221; parallax_method=&#8221;on&#8221;][et_pb_button button_url=&#8221;https:\/\/stiprijeka.com\/en\/events\/&#8221; button_text=&#8221;NAJAVE DOGA\u0110ANJA&#8221; button_alignment=&#8221;left&#8221; _builder_version=&#8221;3.18.9&#8243; custom_button=&#8221;on&#8221; button_text_size=&#8221;15px&#8221; button_text_color=&#8221;#ffffff&#8221; button_bg_color=&#8221;#2a2760&#8243; button_border_width=&#8221;0px&#8221; button_font=&#8221;||||||||&#8221; button_icon=&#8221;%%3%%&#8221; button_icon_color=&#8221;#ffffff&#8221; button_on_hover=&#8221;off&#8221; custom_margin=&#8221;170px||10px|10px&#8221; custom_padding=&#8221;5px||5px|&#8221;][\/et_pb_button][\/et_pb_column][et_pb_column type=&#8221;1_4&#8243; _builder_version=&#8221;3.18.9&#8243; background_color=&#8221;#96cc4f&#8221; parallax=&#8221;off&#8221; parallax_method=&#8221;on&#8221;][et_pb_image src=&#8221;https:\/\/stiprijeka.com\/wp-content\/uploads\/2019\/07\/stip-clan-ic.svg&#8221; url=&#8221;https:\/\/stiprijeka.com\/en\/members\/&#8221; _builder_version=&#8221;3.18.9&#8243; max_width=&#8221;32%&#8221; custom_padding=&#8221;20px||0px|20px&#8221;][\/et_pb_image][et_pb_blurb title=&#8221;POSTANITE \u010cLAN UDRUGE&#8221; url=&#8221;https:\/\/stiprijeka.com\/en\/members\/&#8221; image_max_width=&#8221;29%&#8221; _builder_version=&#8221;3.18.9&#8243; header_level=&#8221;h3&#8243; header_font=&#8221;||||||||&#8221; header_text_align=&#8221;left&#8221; header_text_color=&#8221;#ffffff&#8221; body_font=&#8221;||||||||&#8221; custom_padding=&#8221;|||&#8221; custom_padding_phone=&#8221;||3%|&#8221; custom_padding_last_edited=&#8221;on|phone&#8221; link_option_url=&#8221;https:\/\/stiprijeka.com\/en\/members\/&#8221; custom_css_blurb_content=&#8221;padding-left: 20px;\t||padding-right: 20px;\t&#8220;]<\/p>\n<h6 style=\"text-align: left;\">Steknite nova znanja, pro\u0161irite bazu klijenata\u2026<\/h6>\n<p>[\/et_pb_blurb][\/et_pb_column][\/et_pb_row][\/et_pb_section][et_pb_section fb_built=&#8221;1&#8243; use_custom_gutter=&#8221;on&#8221; gutter_width=&#8221;3&#8243; specialty=&#8221;on&#8221; _builder_version=&#8221;3.18.9&#8243; custom_padding=&#8221;0|0px|54px|0px|false|false&#8221;][et_pb_column type=&#8221;3_4&#8243; specialty_columns=&#8221;3&#8243; _builder_version=&#8221;3.0.47&#8243; parallax__hover=&#8221;off&#8221; parallax_method__hover=&#8221;on&#8221; parallax=&#8221;off&#8221; parallax_method=&#8221;on&#8221;][et_pb_row_inner custom_padding=&#8221;30px||&#8221; _builder_version=&#8221;3.18.9&#8243; custom_margin=&#8221;0px||&#8221;][et_pb_column_inner type=&#8221;4_4&#8243; saved_specialty_column_type=&#8221;3_4&#8243; _builder_version=&#8221;3.0.47&#8243; parallax__hover=&#8221;off&#8221; parallax_method__hover=&#8221;on&#8221; parallax=&#8221;off&#8221; parallax_method=&#8221;on&#8221;][et_pb_blog fullwidth=&#8221;off&#8221; include_categories=&#8221;84&#8243; show_more=&#8221;on&#8221; _builder_version=&#8221;3.18.9&#8243; header_font=&#8221;|600|||||||&#8221; header_text_color=&#8221;#fc5e32&#8243; body_font=&#8221;||||||||&#8221; body_text_color=&#8221;#2a2760&#8243; meta_font=&#8221;||||||||&#8221; meta_text_color=&#8221;#fc5e32&#8243; pagination_font=&#8221;||||||||&#8221; pagination_text_color=&#8221;#000&#8243;][\/et_pb_blog][\/et_pb_column_inner][\/et_pb_row_inner][\/et_pb_column][et_pb_column type=&#8221;1_4&#8243; _builder_version=&#8221;3.0.47&#8243; parallax__hover=&#8221;off&#8221; parallax_method__hover=&#8221;on&#8221; parallax=&#8221;off&#8221; parallax_method=&#8221;on&#8221;][et_pb_sidebar orientation=&#8221;right&#8221; show_border=&#8221;off&#8221; _builder_version=&#8221;3.18.9&#8243; body_font=&#8221;||||||||&#8221;][\/et_pb_sidebar][et_pb_divider color=&#8221;#fc5e32&#8243; divider_position=&#8221;bottom&#8221; divider_weight=&#8221;6px&#8221; _builder_version=&#8221;3.18.9&#8243; max_width=&#8221;86%&#8221; custom_padding=&#8221;||0px&#8221;][\/et_pb_divider][et_pb_text _builder_version=&#8221;3.18.9&#8243; header_font=&#8221;||||||||&#8221; header_4_font=&#8221;||||||||&#8221; header_4_text_color=&#8221;#1fad98&#8243; link_option_url=&#8221;https:\/\/stiprijeka.com\/en\/contact\/&#8221;]<\/p>\n<h4>Zainteresirani ste za sudjelovanje u pripremi na\u0161eg informativnog dijela stranice? Javite nam se sa svojim prijedlozima!<\/h4>\n<p>[\/et_pb_text][et_pb_divider color=&#8221;#fc5e32&#8243; divider_weight=&#8221;6px&#8221; _builder_version=&#8221;3.18.9&#8243; max_width=&#8221;86%&#8221;][\/et_pb_divider][\/et_pb_column][\/et_pb_section][et_pb_section fb_built=&#8221;1&#8243; prev_background_color=&#8221;#ffffff&#8221; disabled_on=&#8221;on|on|off&#8221; _builder_version=&#8221;3.18.9&#8243; background_color=&#8221;#fcebd4&#8243; custom_margin=&#8221;||0px&#8221; custom_padding=&#8221;||0||false|false&#8221; top_divider_style=&#8221;slant&#8221;][et_pb_row custom_padding=&#8221;100px||0px&#8221; custom_margin=&#8221;||0px&#8221; background_color_1=&#8221;#ffffff&#8221; background_color_2=&#8221;#ffffff&#8221; _builder_version=&#8221;3.18.9&#8243;][et_pb_column type=&#8221;1_2&#8243; _builder_version=&#8221;3.18.9&#8243; background_color=&#8221;#ffffff&#8221; parallax=&#8221;off&#8221; parallax_method=&#8221;on&#8221;][et_pb_text _builder_version=&#8221;3.18.9&#8243; header_font=&#8221;||||||||&#8221; header_text_color=&#8221;#96cc4f&#8221; custom_margin=&#8221;||0px&#8221; custom_padding=&#8221;40px|||40px&#8221; link_option_url=&#8221;https:\/\/stiprijeka.com\/pretraga-clanova\/&#8221;]<\/p>\n<h1>Tra\u017eite prevoditelja?<\/h1>\n<p>[\/et_pb_text][et_pb_text _builder_version=&#8221;3.18.9&#8243; text_font=&#8221;||||||||&#8221; header_font=&#8221;||||||||&#8221; header_4_font=&#8221;Roboto Slab||||||||&#8221; header_4_text_color=&#8221;#2a2760&#8243; custom_margin=&#8221;||&#8221; custom_padding=&#8221;0px|40px||40px&#8221; link_option_url=&#8221;https:\/\/stiprijeka.com\/pretraga-clanova\/&#8221;]<\/p>\n<h4>Prona\u0111ite prevoditelja kvalificiranog upravo za prijevod koji Vam je potreban.<\/h4>\n<p>[\/et_pb_text][et_pb_button button_url=&#8221;https:\/\/stiprijeka.com\/pretraga-clanova\/&#8221; button_text=&#8221;PRETRA\u017dITE BAZU&#8221; button_alignment=&#8221;left&#8221; _builder_version=&#8221;3.18.9&#8243; custom_button=&#8221;on&#8221; button_text_size=&#8221;15px&#8221; button_text_color=&#8221;#96cc4f&#8221; button_font=&#8221;||||||||&#8221; button_icon=&#8221;%%3%%&#8221; button_icon_color=&#8221;#96cc4f&#8221; button_on_hover=&#8221;off&#8221; custom_margin=&#8221;||20px|28px&#8221; custom_padding=&#8221;0px|||0px&#8221;][\/et_pb_button][\/et_pb_column][et_pb_column type=&#8221;1_2&#8243; _builder_version=&#8221;3.18.9&#8243; background_color=&#8221;#ffffff&#8221; parallax=&#8221;off&#8221; parallax_method=&#8221;on&#8221;][et_pb_text _builder_version=&#8221;3.18.9&#8243; header_font=&#8221;||||||||&#8221; header_text_color=&#8221;#fc5e32&#8243; custom_margin=&#8221;||0px&#8221; custom_padding=&#8221;40px|||40px&#8221; link_option_url=&#8221;https:\/\/stiprijeka.com\/en\/association-stip-about-us\/&#8221;]<\/p>\n<h1>Za\u0161to odabrati STIP?<\/h1>\n<p>[\/et_pb_text][et_pb_text _builder_version=&#8221;3.18.9&#8243; header_font=&#8221;||||||||&#8221; header_text_color=&#8221;#2a2760&#8243; header_2_font=&#8221;||||||||&#8221; header_4_font=&#8221;Roboto Slab||||||||&#8221; header_4_text_color=&#8221;#2a2760&#8243; custom_margin=&#8221;||&#8221; custom_padding=&#8221;0px|40px||40px&#8221; link_option_url=&#8221;https:\/\/stiprijeka.com\/en\/association-stip-about-us\/&#8221;]<\/p>\n<h4>Na\u0161i \u010dlanovi nude kvalitetne pisane prijevode iza kojih stoji vi\u0161egodi\u0161nje obrazovanje.<\/h4>\n<p>[\/et_pb_text][et_pb_button button_url=&#8221;https:\/\/stiprijeka.com\/en\/association-stip-about-us\/&#8221; button_text=&#8221;O UDRUZI&#8221; button_alignment=&#8221;left&#8221; _builder_version=&#8221;3.18.9&#8243; custom_button=&#8221;on&#8221; button_text_size=&#8221;15px&#8221; button_text_color=&#8221;#fc5e32&#8243; button_font=&#8221;||||||||&#8221; button_icon=&#8221;%%3%%&#8221; button_icon_color=&#8221;#fc5e32&#8243; button_on_hover=&#8221;off&#8221; custom_margin=&#8221;0px||20px|28px&#8221; custom_padding=&#8221;0px|||0px&#8221;][\/et_pb_button][\/et_pb_column][\/et_pb_row][et_pb_row custom_padding=&#8221;50px||0px&#8221; custom_margin=&#8221;||0px&#8221; padding_bottom_1=&#8221;0px&#8221; _builder_version=&#8221;3.18.9&#8243;][et_pb_column type=&#8221;4_4&#8243; _builder_version=&#8221;3.18.9&#8243; padding_bottom=&#8221;0px&#8221; parallax=&#8221;off&#8221; parallax_method=&#8221;on&#8221;][et_pb_image src=&#8221;https:\/\/stiprijeka.com\/wp-content\/uploads\/2019\/08\/prijevodi-stip-rijeka-engleski.jpg&#8221; _builder_version=&#8221;3.18.9&#8243; custom_margin=&#8221;||0px&#8221; custom_padding=&#8221;||0px&#8221;][\/et_pb_image][\/et_pb_column][\/et_pb_row][\/et_pb_section][et_pb_section fb_built=&#8221;1&#8243; disabled_on=&#8221;off|off|on&#8221; _builder_version=&#8221;3.18.9&#8243; background_color=&#8221;#fcebd4&#8243; custom_margin=&#8221;||0px&#8221; custom_padding=&#8221;||34px||false|false&#8221;][et_pb_row custom_padding=&#8221;27px||0px||false|false&#8221; custom_margin=&#8221;||0px&#8221; background_color_1=&#8221;#ffffff&#8221; background_color_2=&#8221;#ffffff&#8221; _builder_version=&#8221;3.18.9&#8243;][et_pb_column type=&#8221;1_2&#8243; _builder_version=&#8221;3.18.9&#8243; background_color=&#8221;#ffffff&#8221; parallax=&#8221;off&#8221; parallax_method=&#8221;on&#8221;][et_pb_text _builder_version=&#8221;3.18.9&#8243; header_font=&#8221;||||||||&#8221; header_text_color=&#8221;#96cc4f&#8221; custom_margin=&#8221;0px||0px&#8221; custom_padding=&#8221;40px|40px||40px&#8221; link_option_url=&#8221;https:\/\/stiprijeka.com\/pretraga-clanova\/&#8221;]<\/p>\n<h1>Tra\u017eite prevoditelja?<\/h1>\n<p>[\/et_pb_text][et_pb_text _builder_version=&#8221;3.18.9&#8243; text_font=&#8221;||||||||&#8221; header_font=&#8221;||||||||&#8221; header_4_font=&#8221;Roboto Slab||||||||&#8221; header_4_text_color=&#8221;#2a2760&#8243; custom_margin=&#8221;||&#8221; custom_padding=&#8221;0px|40px||40px&#8221; link_option_url=&#8221;https:\/\/stiprijeka.com\/pretraga-clanova\/&#8221;]<\/p>\n<h4>Prona\u0111ite u na\u0161oj bazi prevoditelja kvalificiranog upravo za prijevod koji Vam je potreban.<\/h4>\n<p>[\/et_pb_text][et_pb_button button_url=&#8221;https:\/\/stiprijeka.com\/pretraga-clanova\/&#8221; button_text=&#8221;PRETRA\u017dITE BAZU&#8221; button_alignment=&#8221;left&#8221; _builder_version=&#8221;3.18.9&#8243; custom_button=&#8221;on&#8221; button_text_size=&#8221;15px&#8221; button_text_color=&#8221;#96cc4f&#8221; button_font=&#8221;||||||||&#8221; button_icon=&#8221;%%3%%&#8221; button_icon_color=&#8221;#96cc4f&#8221; button_on_hover=&#8221;off&#8221; custom_margin=&#8221;||20px|28px&#8221; custom_padding=&#8221;0px|||0px&#8221;][\/et_pb_button][\/et_pb_column][et_pb_column type=&#8221;1_2&#8243; _builder_version=&#8221;3.18.9&#8243; background_color=&#8221;#ffffff&#8221; parallax=&#8221;off&#8221; parallax_method=&#8221;on&#8221;][et_pb_image src=&#8221;https:\/\/stiprijeka.com\/wp-content\/uploads\/2019\/08\/prijevodi-stip-rijeka-engleski-res.jpg&#8221; url=&#8221;https:\/\/stiprijeka.com\/en\/association-stip-about-us\/&#8221; _builder_version=&#8221;3.18.9&#8243; custom_margin=&#8221;0px||0px&#8221; custom_padding=&#8221;0px||0px&#8221;][\/et_pb_image][et_pb_text _builder_version=&#8221;3.18.9&#8243; header_font=&#8221;||||||||&#8221; header_text_color=&#8221;#fc5e32&#8243; custom_margin=&#8221;||0px&#8221; custom_padding=&#8221;40px|40px||40px&#8221; link_option_url=&#8221;https:\/\/stiprijeka.com\/en\/association-stip-about-us\/&#8221;]<\/p>\n<h1>Za\u0161to odabrati STIP?<\/h1>\n<p>[\/et_pb_text][et_pb_text _builder_version=&#8221;3.18.9&#8243; header_font=&#8221;||||||||&#8221; header_text_color=&#8221;#2a2760&#8243; header_2_font=&#8221;||||||||&#8221; header_4_font=&#8221;Roboto Slab||||||||&#8221; header_4_text_color=&#8221;#2a2760&#8243; custom_margin=&#8221;||&#8221; custom_padding=&#8221;0px|40px||40px&#8221; link_option_url=&#8221;https:\/\/stiprijeka.com\/en\/association-stip-about-us\/&#8221;]<\/p>\n<h4>\u010clanovi Udruge STIP Rijeka nude kvalitetne pisane prijevode iza kojih stoji vi\u0161egodi\u0161nje obrazovanje.<\/h4>\n<p>[\/et_pb_text][et_pb_button button_url=&#8221;https:\/\/stiprijeka.com\/en\/association-stip-about-us\/&#8221; button_text=&#8221;O UDRUZI&#8221; button_alignment=&#8221;left&#8221; _builder_version=&#8221;3.18.9&#8243; custom_button=&#8221;on&#8221; button_text_size=&#8221;15px&#8221; button_text_color=&#8221;#fc5e32&#8243; button_font=&#8221;||||||||&#8221; button_icon=&#8221;%%3%%&#8221; button_icon_color=&#8221;#fc5e32&#8243; button_on_hover=&#8221;off&#8221; custom_margin=&#8221;0px||20px|28px&#8221; custom_padding=&#8221;0px|||0px&#8221;][\/et_pb_button][\/et_pb_column][\/et_pb_row][et_pb_row custom_padding=&#8221;0px||0px&#8221; custom_margin=&#8221;||0px&#8221; padding_bottom_1=&#8221;0px&#8221; _builder_version=&#8221;3.18.9&#8243;][et_pb_column type=&#8221;4_4&#8243; _builder_version=&#8221;3.18.9&#8243; padding_bottom=&#8221;0px&#8221; parallax=&#8221;off&#8221; parallax_method=&#8221;on&#8221;][\/et_pb_column][\/et_pb_row][\/et_pb_section]<\/p>\n","protected":false},"excerpt":{"rendered":"<p>[et_pb_section fb_built=&#8221;1&#8243; _builder_version=&#8221;3.18.9&#8243; custom_margin=&#8221;||0px&#8221; custom_padding=&#8221;||0px||false|false&#8221;][et_pb_row use_custom_gutter=&#8221;on&#8221; gutter_width=&#8221;1&#8243; custom_padding=&#8221;0px||0px&#8221; custom_margin=&#8221;0px||0px&#8221; make_equal=&#8221;on&#8221; background_color_1=&#8221;#fc5e32&#8243; background_color_3=&#8221;#96cc4f&#8221; background_color_4=&#8221;#fc5e32&#8243; bg_img_2=&#8221;https:\/\/stiprijeka.com\/wp-content\/uploads\/2019\/07\/obuke-edukacije-udruga-stip.jpg&#8221; _builder_version=&#8221;3.18.9&#8243; module_alignment=&#8221;center&#8221;][et_pb_column type=&#8221;1_2&#8243; _builder_version=&#8221;3.18.9&#8243; background_color=&#8221;#fc5e32&#8243; parallax=&#8221;off&#8221; parallax_method=&#8221;on&#8221;][et_pb_blurb title=&#8221;AKTIVNOSTI UDRUGE&#8221; image_max_width=&#8221;29%&#8221; _builder_version=&#8221;3.18.9&#8243; header_level=&#8221;h1&#8243; header_font=&#8221;||||||||&#8221; header_text_align=&#8221;left&#8221; header_text_color=&#8221;#ffffff&#8221; custom_margin=&#8221;15%||0px&#8221; custom_margin_phone=&#8221;|||&#8221; custom_margin_last_edited=&#8221;on|phone&#8221; custom_padding=&#8221;||0px|&#8221; custom_padding_phone=&#8221;||3%|&#8221; custom_padding_last_edited=&#8221;on|phone&#8221; custom_css_blurb_content=&#8221;padding-left: 20px; ||padding-right: 20px; &#8220;] Saznajte novosti iz struke, komentirajte izmjene zakonodavstva, pratite rad Udruge STIP Rijeka i budite aktivan [&hellip;]<\/p>\n","protected":false},"author":2,"featured_media":237205,"parent":0,"menu_order":0,"comment_status":"closed","ping_status":"closed","template":"","meta":{"_et_pb_use_builder":"on","_et_pb_old_content":"","footnotes":""},"yoast_head":"<!-- This site is optimized with the Yoast SEO plugin v21.5 - https:\/\/yoast.com\/wordpress\/plugins\/seo\/ -->\n<title>Activities | Association of Court Interpreters and Translators<\/title>\n<meta name=\"description\" content=\"Activities of the Association of Court Interpreters and Translators - follow the work of STIP Rijeka and be an active part of our community.\" \/>\n<meta name=\"robots\" content=\"index, follow, max-snippet:-1, max-image-preview:large, max-video-preview:-1\" \/>\n<link rel=\"canonical\" href=\"https:\/\/stiprijeka.com\/en\/news\/\" \/>\n<meta property=\"og:locale\" content=\"en_US\" \/>\n<meta property=\"og:type\" content=\"article\" \/>\n<meta property=\"og:title\" content=\"Activities | Association of Court Interpreters and Translators\" \/>\n<meta property=\"og:description\" content=\"Activities of the Association of Court Interpreters and Translators - follow the work of STIP Rijeka and be an active part of our community.\" \/>\n<meta property=\"og:url\" content=\"https:\/\/stiprijeka.com\/en\/news\/\" \/>\n<meta property=\"og:site_name\" content=\"STIP\" \/>\n<meta property=\"article:modified_time\" content=\"2022-12-07T14:49:42+00:00\" \/>\n<meta property=\"og:image\" content=\"https:\/\/stiprijeka.com\/wp-content\/uploads\/2019\/07\/stip-edukacije.jpg\" \/>\n\t<meta property=\"og:image:width\" content=\"1920\" \/>\n\t<meta property=\"og:image:height\" content=\"1084\" \/>\n\t<meta property=\"og:image:type\" content=\"image\/jpeg\" \/>\n<meta name=\"twitter:card\" content=\"summary_large_image\" \/>\n<meta name=\"twitter:label1\" content=\"Est. reading time\" \/>\n\t<meta name=\"twitter:data1\" content=\"2 minutes\" \/>\n<script type=\"application\/ld+json\" class=\"yoast-schema-graph\">{\"@context\":\"https:\/\/schema.org\",\"@graph\":[{\"@type\":\"WebPage\",\"@id\":\"https:\/\/stiprijeka.com\/en\/news\/\",\"url\":\"https:\/\/stiprijeka.com\/en\/news\/\",\"name\":\"Activities | Association of Court Interpreters and Translators\",\"isPartOf\":{\"@id\":\"https:\/\/stiprijeka.com\/en\/#website\"},\"datePublished\":\"2019-07-18T09:53:14+00:00\",\"dateModified\":\"2022-12-07T14:49:42+00:00\",\"description\":\"Activities of the Association of Court Interpreters and Translators - follow the work of STIP Rijeka and be an active part of our community.\",\"breadcrumb\":{\"@id\":\"https:\/\/stiprijeka.com\/en\/news\/#breadcrumb\"},\"inLanguage\":\"en-US\",\"potentialAction\":[{\"@type\":\"ReadAction\",\"target\":[\"https:\/\/stiprijeka.com\/en\/news\/\"]}]},{\"@type\":\"BreadcrumbList\",\"@id\":\"https:\/\/stiprijeka.com\/en\/news\/#breadcrumb\",\"itemListElement\":[{\"@type\":\"ListItem\",\"position\":1,\"name\":\"Home\",\"item\":\"https:\/\/stiprijeka.com\/en\/translator\/\"},{\"@type\":\"ListItem\",\"position\":2,\"name\":\"News\"}]},{\"@type\":\"WebSite\",\"@id\":\"https:\/\/stiprijeka.com\/en\/#website\",\"url\":\"https:\/\/stiprijeka.com\/en\/\",\"name\":\"STIP\",\"description\":\"Udruga sudski tuma\u010di i prevoditelji\",\"publisher\":{\"@id\":\"https:\/\/stiprijeka.com\/en\/#organization\"},\"potentialAction\":[{\"@type\":\"SearchAction\",\"target\":{\"@type\":\"EntryPoint\",\"urlTemplate\":\"https:\/\/stiprijeka.com\/en\/?s={search_term_string}\"},\"query-input\":\"required name=search_term_string\"}],\"inLanguage\":\"en-US\"},{\"@type\":\"Organization\",\"@id\":\"https:\/\/stiprijeka.com\/en\/#organization\",\"name\":\"Udruga Sudski tuma\u010di i prevoditelji \u2013 podru\u017enica Rijeka (STIP Rijeka)\",\"url\":\"https:\/\/stiprijeka.com\/en\/\",\"logo\":{\"@type\":\"ImageObject\",\"inLanguage\":\"en-US\",\"@id\":\"https:\/\/stiprijeka.com\/en\/#\/schema\/logo\/image\/\",\"url\":\"https:\/\/stiprijeka.com\/wp-content\/uploads\/2019\/07\/stip-rijeka-logo.svg\",\"contentUrl\":\"https:\/\/stiprijeka.com\/wp-content\/uploads\/2019\/07\/stip-rijeka-logo.svg\",\"width\":115,\"height\":61,\"caption\":\"Udruga Sudski tuma\u010di i prevoditelji \u2013 podru\u017enica Rijeka (STIP Rijeka)\"},\"image\":{\"@id\":\"https:\/\/stiprijeka.com\/en\/#\/schema\/logo\/image\/\"}}]}<\/script>\n<!-- \/ Yoast SEO plugin. -->","yoast_head_json":{"title":"Activities | Association of Court Interpreters and Translators","description":"Activities of the Association of Court Interpreters and Translators - follow the work of STIP Rijeka and be an active part of our community.","robots":{"index":"index","follow":"follow","max-snippet":"max-snippet:-1","max-image-preview":"max-image-preview:large","max-video-preview":"max-video-preview:-1"},"canonical":"https:\/\/stiprijeka.com\/en\/news\/","og_locale":"en_US","og_type":"article","og_title":"Activities | Association of Court Interpreters and Translators","og_description":"Activities of the Association of Court Interpreters and Translators - follow the work of STIP Rijeka and be an active part of our community.","og_url":"https:\/\/stiprijeka.com\/en\/news\/","og_site_name":"STIP","article_modified_time":"2022-12-07T14:49:42+00:00","og_image":[{"width":1920,"height":1084,"url":"https:\/\/stiprijeka.com\/wp-content\/uploads\/2019\/07\/stip-edukacije.jpg","type":"image\/jpeg"}],"twitter_card":"summary_large_image","twitter_misc":{"Est. reading time":"2 minutes"},"schema":{"@context":"https:\/\/schema.org","@graph":[{"@type":"WebPage","@id":"https:\/\/stiprijeka.com\/en\/news\/","url":"https:\/\/stiprijeka.com\/en\/news\/","name":"Activities | Association of Court Interpreters and Translators","isPartOf":{"@id":"https:\/\/stiprijeka.com\/en\/#website"},"datePublished":"2019-07-18T09:53:14+00:00","dateModified":"2022-12-07T14:49:42+00:00","description":"Activities of the Association of Court Interpreters and Translators - follow the work of STIP Rijeka and be an active part of our community.","breadcrumb":{"@id":"https:\/\/stiprijeka.com\/en\/news\/#breadcrumb"},"inLanguage":"en-US","potentialAction":[{"@type":"ReadAction","target":["https:\/\/stiprijeka.com\/en\/news\/"]}]},{"@type":"BreadcrumbList","@id":"https:\/\/stiprijeka.com\/en\/news\/#breadcrumb","itemListElement":[{"@type":"ListItem","position":1,"name":"Home","item":"https:\/\/stiprijeka.com\/en\/translator\/"},{"@type":"ListItem","position":2,"name":"News"}]},{"@type":"WebSite","@id":"https:\/\/stiprijeka.com\/en\/#website","url":"https:\/\/stiprijeka.com\/en\/","name":"STIP","description":"Udruga sudski tuma\u010di i prevoditelji","publisher":{"@id":"https:\/\/stiprijeka.com\/en\/#organization"},"potentialAction":[{"@type":"SearchAction","target":{"@type":"EntryPoint","urlTemplate":"https:\/\/stiprijeka.com\/en\/?s={search_term_string}"},"query-input":"required name=search_term_string"}],"inLanguage":"en-US"},{"@type":"Organization","@id":"https:\/\/stiprijeka.com\/en\/#organization","name":"Udruga Sudski tuma\u010di i prevoditelji \u2013 podru\u017enica Rijeka (STIP Rijeka)","url":"https:\/\/stiprijeka.com\/en\/","logo":{"@type":"ImageObject","inLanguage":"en-US","@id":"https:\/\/stiprijeka.com\/en\/#\/schema\/logo\/image\/","url":"https:\/\/stiprijeka.com\/wp-content\/uploads\/2019\/07\/stip-rijeka-logo.svg","contentUrl":"https:\/\/stiprijeka.com\/wp-content\/uploads\/2019\/07\/stip-rijeka-logo.svg","width":115,"height":61,"caption":"Udruga Sudski tuma\u010di i prevoditelji \u2013 podru\u017enica Rijeka (STIP Rijeka)"},"image":{"@id":"https:\/\/stiprijeka.com\/en\/#\/schema\/logo\/image\/"}}]}},"_links":{"self":[{"href":"https:\/\/stiprijeka.com\/en\/wp-json\/wp\/v2\/pages\/239302"}],"collection":[{"href":"https:\/\/stiprijeka.com\/en\/wp-json\/wp\/v2\/pages"}],"about":[{"href":"https:\/\/stiprijeka.com\/en\/wp-json\/wp\/v2\/types\/page"}],"author":[{"embeddable":true,"href":"https:\/\/stiprijeka.com\/en\/wp-json\/wp\/v2\/users\/2"}],"replies":[{"embeddable":true,"href":"https:\/\/stiprijeka.com\/en\/wp-json\/wp\/v2\/comments?post=239302"}],"version-history":[{"count":5,"href":"https:\/\/stiprijeka.com\/en\/wp-json\/wp\/v2\/pages\/239302\/revisions"}],"predecessor-version":[{"id":239828,"href":"https:\/\/stiprijeka.com\/en\/wp-json\/wp\/v2\/pages\/239302\/revisions\/239828"}],"wp:featuredmedia":[{"embeddable":true,"href":"https:\/\/stiprijeka.com\/en\/wp-json\/wp\/v2\/media\/237205"}],"wp:attachment":[{"href":"https:\/\/stiprijeka.com\/en\/wp-json\/wp\/v2\/media?parent=239302"}],"curies":[{"name":"wp","href":"https:\/\/api.w.org\/{rel}","templated":true}]}}