{"id":239013,"date":"2020-12-16T14:59:58","date_gmt":"2019-09-05T12:59:58","guid":{"rendered":"https:\/\/stiprijeka.com\/clan\/vedrana-vuckovic-jaksic\/"},"modified":"2021-05-18T10:59:38","modified_gmt":"2021-05-18T08:59:38","slug":"vedrana-vuckovic-jaksic","status":"publish","type":"product","link":"https:\/\/stiprijeka.com\/en\/clan\/vedrana-vuckovic-jaksic\/","title":{"rendered":"Vedrana Vu\u010dkovi\u0107 Jak\u0161i\u0107"},"content":{"rendered":"<p>[et_pb_section bb_built=&#8221;1&#8243; admin_label=&#8221;section&#8221;][et_pb_row admin_label=&#8221;row&#8221; background_position=&#8221;top_left&#8221; background_repeat=&#8221;repeat&#8221; background_size=&#8221;initial&#8221;][et_pb_column type=&#8221;4_4&#8243;][et_pb_text background_position=&#8221;top_left&#8221; background_repeat=&#8221;repeat&#8221; background_size=&#8221;initial&#8221; _builder_version=&#8221;3.18.9&#8243;]<\/p>\n<p><strong>First and last name:<\/strong> Vedrana Vu\u010dkovi\u0107 Jak\u0161i\u0107<br \/><strong>Phone:<\/strong> +385 91 440 2911<br \/><strong>E-mail<\/strong>: <a href=\"mailto:leksika.prijevodi@gmail.com\" target=\"_blank\" rel=\"noopener noreferrer\">leksika.prijevodi@gmail.com<\/a><br \/><strong>Languages<\/strong>: English \/ Italian<br \/><strong>Profession:<\/strong> Master\u2019s degree in English language and literature and Italian language and literature<br \/><strong>Education:<\/strong> Faculty of Humanities and Social Sciences at the University of Zagreb<br \/><strong>Court interpreter:<\/strong> YES<br \/><strong>Simultaneous interpreting:<\/strong> NO<br \/><strong>Consecutive interpreting:<\/strong> NO<br \/><strong>Fields of expertise:<\/strong> law, medicine, pharmacy, maritime industry<br \/><strong>Full name of legal person:<\/strong> Leksika, obrt za prevoditeljske usluge<br \/><strong>Type of company:<\/strong> trade, not in the VAT system<br \/><strong>Address of the legal person:<\/strong> Ante Star\u010devi\u0107a 2<br \/><strong>Web page:<\/strong> <strong>www.leksika.hr<br \/><\/strong>Logotype of the company:<\/p>\n<p><a href=\"https:\/\/stiprijeka.com\/wp-content\/uploads\/2019\/09\/VEDRANA-VU\u010cKOVI\u0106-JAK\u0160I\u0106-leksika-logo.jpg\"><img loading=\"lazy\" decoding=\"async\" class=\"alignnone size-medium wp-image-238284\" src=\"https:\/\/stiprijeka.com\/wp-content\/uploads\/2019\/09\/VEDRANA-VU\u010cKOVI\u0106-JAK\u0160I\u0106-leksika-logo-300x110.jpg\" alt=\"VEDRANA VU\u010cKOVI\u0106 JAK\u0160I\u0106 leksika logo\" width=\"300\" height=\"110\" \/><\/a><\/p>\n<p>[\/et_pb_text][\/et_pb_column][\/et_pb_row][\/et_pb_section]<\/p>\n","protected":false},"excerpt":{"rendered":"<p>[et_pb_section bb_built=&#8221;1&#8243; admin_label=&#8221;section&#8221;][et_pb_row admin_label=&#8221;row&#8221; background_position=&#8221;top_left&#8221; background_repeat=&#8221;repeat&#8221; background_size=&#8221;initial&#8221;][et_pb_column type=&#8221;4_4&#8243;][et_pb_text background_position=&#8221;top_left&#8221; background_repeat=&#8221;repeat&#8221; background_size=&#8221;initial&#8221; _builder_version=&#8221;3.18.9&#8243;] First and last name: Vedrana Vu\u010dkovi\u0107 Jak\u0161i\u0107Phone: +385 91 440 2911E-mail: leksika.prijevodi@gmail.comLanguages: English \/ ItalianProfession: Master\u2019s degree in English language and literature and Italian language and literatureEducation: Faculty of Humanities and Social Sciences at the University of ZagrebCourt interpreter: YESSimultaneous interpreting: NOConsecutive interpreting: [&hellip;]<\/p>\n","protected":false},"featured_media":237509,"template":"","meta":{"_et_pb_use_builder":"on","_et_pb_old_content":""},"product_cat":[545],"product_tag":[],"yoast_head":"<!-- This site is optimized with the Yoast SEO plugin v21.5 - https:\/\/yoast.com\/wordpress\/plugins\/seo\/ -->\n<title>Vedrana Vu\u010dkovi\u0107 Jak\u0161i\u0107 - Association STIP<\/title>\n<meta name=\"description\" content=\"First and last name: Vedrana Vu\u010dkovi\u0107 Jak\u0161i\u0107. Phone: 091 440 2911. E-mail: leksika.prijevodi@gmail.com. Languages: English \/ Italian\" \/>\n<meta name=\"robots\" content=\"index, follow, max-snippet:-1, max-image-preview:large, max-video-preview:-1\" \/>\n<link rel=\"canonical\" href=\"https:\/\/stiprijeka.com\/en\/clan\/vedrana-vuckovic-jaksic\/\" \/>\n<meta property=\"og:locale\" content=\"en_US\" \/>\n<meta property=\"og:type\" content=\"article\" \/>\n<meta property=\"og:title\" content=\"Vedrana Vu\u010dkovi\u0107 Jak\u0161i\u0107 - Association STIP\" \/>\n<meta property=\"og:description\" content=\"First and last name: Vedrana Vu\u010dkovi\u0107 Jak\u0161i\u0107. Phone: 091 440 2911. E-mail: leksika.prijevodi@gmail.com. Languages: English \/ Italian\" \/>\n<meta property=\"og:url\" content=\"https:\/\/stiprijeka.com\/en\/clan\/vedrana-vuckovic-jaksic\/\" \/>\n<meta property=\"og:site_name\" content=\"STIP\" \/>\n<meta property=\"article:modified_time\" content=\"2021-05-18T08:59:38+00:00\" \/>\n<meta property=\"og:image\" content=\"https:\/\/stiprijeka.com\/wp-content\/uploads\/2019\/08\/no-picture-stip.jpg\" \/>\n\t<meta property=\"og:image:width\" content=\"676\" \/>\n\t<meta property=\"og:image:height\" content=\"535\" \/>\n\t<meta property=\"og:image:type\" content=\"image\/jpeg\" \/>\n<meta name=\"twitter:card\" content=\"summary_large_image\" \/>\n<meta name=\"twitter:label1\" content=\"Est. reading time\" \/>\n\t<meta name=\"twitter:data1\" content=\"1 minute\" \/>\n<script type=\"application\/ld+json\" class=\"yoast-schema-graph\">{\"@context\":\"https:\/\/schema.org\",\"@graph\":[{\"@type\":\"WebPage\",\"@id\":\"https:\/\/stiprijeka.com\/en\/clan\/vedrana-vuckovic-jaksic\/\",\"url\":\"https:\/\/stiprijeka.com\/en\/clan\/vedrana-vuckovic-jaksic\/\",\"name\":\"Vedrana Vu\u010dkovi\u0107 Jak\u0161i\u0107 - Association STIP\",\"isPartOf\":{\"@id\":\"https:\/\/stiprijeka.com\/en\/#website\"},\"datePublished\":\"2019-09-05T12:59:58+00:00\",\"dateModified\":\"2021-05-18T08:59:38+00:00\",\"description\":\"First and last name: Vedrana Vu\u010dkovi\u0107 Jak\u0161i\u0107. Phone: 091 440 2911. E-mail: leksika.prijevodi@gmail.com. Languages: English \/ Italian\",\"breadcrumb\":{\"@id\":\"https:\/\/stiprijeka.com\/en\/clan\/vedrana-vuckovic-jaksic\/#breadcrumb\"},\"inLanguage\":\"en-US\",\"potentialAction\":[{\"@type\":\"ReadAction\",\"target\":[\"https:\/\/stiprijeka.com\/en\/clan\/vedrana-vuckovic-jaksic\/\"]}]},{\"@type\":\"BreadcrumbList\",\"@id\":\"https:\/\/stiprijeka.com\/en\/clan\/vedrana-vuckovic-jaksic\/#breadcrumb\",\"itemListElement\":[{\"@type\":\"ListItem\",\"position\":1,\"name\":\"Home\",\"item\":\"https:\/\/stiprijeka.com\/en\/translator\/\"},{\"@type\":\"ListItem\",\"position\":2,\"name\":\"Find your translator\",\"item\":\"https:\/\/stiprijeka.com\/en\/find-your-translator\/\"},{\"@type\":\"ListItem\",\"position\":3,\"name\":\"Vedrana Vu\u010dkovi\u0107 Jak\u0161i\u0107\"}]},{\"@type\":\"WebSite\",\"@id\":\"https:\/\/stiprijeka.com\/en\/#website\",\"url\":\"https:\/\/stiprijeka.com\/en\/\",\"name\":\"STIP\",\"description\":\"Udruga sudski tuma\u010di i prevoditelji\",\"publisher\":{\"@id\":\"https:\/\/stiprijeka.com\/en\/#organization\"},\"potentialAction\":[{\"@type\":\"SearchAction\",\"target\":{\"@type\":\"EntryPoint\",\"urlTemplate\":\"https:\/\/stiprijeka.com\/en\/?s={search_term_string}\"},\"query-input\":\"required name=search_term_string\"}],\"inLanguage\":\"en-US\"},{\"@type\":\"Organization\",\"@id\":\"https:\/\/stiprijeka.com\/en\/#organization\",\"name\":\"Udruga Sudski tuma\u010di i prevoditelji \u2013 podru\u017enica Rijeka (STIP Rijeka)\",\"url\":\"https:\/\/stiprijeka.com\/en\/\",\"logo\":{\"@type\":\"ImageObject\",\"inLanguage\":\"en-US\",\"@id\":\"https:\/\/stiprijeka.com\/en\/#\/schema\/logo\/image\/\",\"url\":\"https:\/\/stiprijeka.com\/wp-content\/uploads\/2019\/07\/stip-rijeka-logo.svg\",\"contentUrl\":\"https:\/\/stiprijeka.com\/wp-content\/uploads\/2019\/07\/stip-rijeka-logo.svg\",\"width\":115,\"height\":61,\"caption\":\"Udruga Sudski tuma\u010di i prevoditelji \u2013 podru\u017enica Rijeka (STIP Rijeka)\"},\"image\":{\"@id\":\"https:\/\/stiprijeka.com\/en\/#\/schema\/logo\/image\/\"}}]}<\/script>\n<!-- \/ Yoast SEO plugin. -->","yoast_head_json":{"title":"Vedrana Vu\u010dkovi\u0107 Jak\u0161i\u0107 - Association STIP","description":"First and last name: Vedrana Vu\u010dkovi\u0107 Jak\u0161i\u0107. Phone: 091 440 2911. E-mail: leksika.prijevodi@gmail.com. Languages: English \/ Italian","robots":{"index":"index","follow":"follow","max-snippet":"max-snippet:-1","max-image-preview":"max-image-preview:large","max-video-preview":"max-video-preview:-1"},"canonical":"https:\/\/stiprijeka.com\/en\/clan\/vedrana-vuckovic-jaksic\/","og_locale":"en_US","og_type":"article","og_title":"Vedrana Vu\u010dkovi\u0107 Jak\u0161i\u0107 - Association STIP","og_description":"First and last name: Vedrana Vu\u010dkovi\u0107 Jak\u0161i\u0107. Phone: 091 440 2911. E-mail: leksika.prijevodi@gmail.com. Languages: English \/ Italian","og_url":"https:\/\/stiprijeka.com\/en\/clan\/vedrana-vuckovic-jaksic\/","og_site_name":"STIP","article_modified_time":"2021-05-18T08:59:38+00:00","og_image":[{"width":676,"height":535,"url":"https:\/\/stiprijeka.com\/wp-content\/uploads\/2019\/08\/no-picture-stip.jpg","type":"image\/jpeg"}],"twitter_card":"summary_large_image","twitter_misc":{"Est. reading time":"1 minute"},"schema":{"@context":"https:\/\/schema.org","@graph":[{"@type":"WebPage","@id":"https:\/\/stiprijeka.com\/en\/clan\/vedrana-vuckovic-jaksic\/","url":"https:\/\/stiprijeka.com\/en\/clan\/vedrana-vuckovic-jaksic\/","name":"Vedrana Vu\u010dkovi\u0107 Jak\u0161i\u0107 - Association STIP","isPartOf":{"@id":"https:\/\/stiprijeka.com\/en\/#website"},"datePublished":"2019-09-05T12:59:58+00:00","dateModified":"2021-05-18T08:59:38+00:00","description":"First and last name: Vedrana Vu\u010dkovi\u0107 Jak\u0161i\u0107. Phone: 091 440 2911. E-mail: leksika.prijevodi@gmail.com. Languages: English \/ Italian","breadcrumb":{"@id":"https:\/\/stiprijeka.com\/en\/clan\/vedrana-vuckovic-jaksic\/#breadcrumb"},"inLanguage":"en-US","potentialAction":[{"@type":"ReadAction","target":["https:\/\/stiprijeka.com\/en\/clan\/vedrana-vuckovic-jaksic\/"]}]},{"@type":"BreadcrumbList","@id":"https:\/\/stiprijeka.com\/en\/clan\/vedrana-vuckovic-jaksic\/#breadcrumb","itemListElement":[{"@type":"ListItem","position":1,"name":"Home","item":"https:\/\/stiprijeka.com\/en\/translator\/"},{"@type":"ListItem","position":2,"name":"Find your translator","item":"https:\/\/stiprijeka.com\/en\/find-your-translator\/"},{"@type":"ListItem","position":3,"name":"Vedrana Vu\u010dkovi\u0107 Jak\u0161i\u0107"}]},{"@type":"WebSite","@id":"https:\/\/stiprijeka.com\/en\/#website","url":"https:\/\/stiprijeka.com\/en\/","name":"STIP","description":"Udruga sudski tuma\u010di i prevoditelji","publisher":{"@id":"https:\/\/stiprijeka.com\/en\/#organization"},"potentialAction":[{"@type":"SearchAction","target":{"@type":"EntryPoint","urlTemplate":"https:\/\/stiprijeka.com\/en\/?s={search_term_string}"},"query-input":"required name=search_term_string"}],"inLanguage":"en-US"},{"@type":"Organization","@id":"https:\/\/stiprijeka.com\/en\/#organization","name":"Udruga Sudski tuma\u010di i prevoditelji \u2013 podru\u017enica Rijeka (STIP Rijeka)","url":"https:\/\/stiprijeka.com\/en\/","logo":{"@type":"ImageObject","inLanguage":"en-US","@id":"https:\/\/stiprijeka.com\/en\/#\/schema\/logo\/image\/","url":"https:\/\/stiprijeka.com\/wp-content\/uploads\/2019\/07\/stip-rijeka-logo.svg","contentUrl":"https:\/\/stiprijeka.com\/wp-content\/uploads\/2019\/07\/stip-rijeka-logo.svg","width":115,"height":61,"caption":"Udruga Sudski tuma\u010di i prevoditelji \u2013 podru\u017enica Rijeka (STIP Rijeka)"},"image":{"@id":"https:\/\/stiprijeka.com\/en\/#\/schema\/logo\/image\/"}}]}},"_links":{"self":[{"href":"https:\/\/stiprijeka.com\/en\/wp-json\/wp\/v2\/product\/239013"}],"collection":[{"href":"https:\/\/stiprijeka.com\/en\/wp-json\/wp\/v2\/product"}],"about":[{"href":"https:\/\/stiprijeka.com\/en\/wp-json\/wp\/v2\/types\/product"}],"wp:featuredmedia":[{"embeddable":true,"href":"https:\/\/stiprijeka.com\/en\/wp-json\/wp\/v2\/media\/237509"}],"wp:attachment":[{"href":"https:\/\/stiprijeka.com\/en\/wp-json\/wp\/v2\/media?parent=239013"}],"wp:term":[{"taxonomy":"product_cat","embeddable":true,"href":"https:\/\/stiprijeka.com\/en\/wp-json\/wp\/v2\/product_cat?post=239013"},{"taxonomy":"product_tag","embeddable":true,"href":"https:\/\/stiprijeka.com\/en\/wp-json\/wp\/v2\/product_tag?post=239013"}],"curies":[{"name":"wp","href":"https:\/\/api.w.org\/{rel}","templated":true}]}}