{"id":239019,"date":"2021-12-12T11:53:02","date_gmt":"2019-08-23T09:53:02","guid":{"rendered":"https:\/\/stiprijeka.com\/clan\/tatjana-vukcevic\/"},"modified":"2021-05-18T11:00:24","modified_gmt":"2021-05-18T09:00:24","slug":"tatjana-vukcevic","status":"publish","type":"product","link":"https:\/\/stiprijeka.com\/en\/clan\/tatjana-vukcevic\/","title":{"rendered":"Tatjana Vuk\u010devi\u0107"},"content":{"rendered":"<p>[et_pb_section bb_built=&#8221;1&#8243; admin_label=&#8221;section&#8221;][et_pb_row admin_label=&#8221;row&#8221; background_position=&#8221;top_left&#8221; background_repeat=&#8221;repeat&#8221; background_size=&#8221;initial&#8221;][et_pb_column type=&#8221;4_4&#8243;][et_pb_text background_position=&#8221;top_left&#8221; background_repeat=&#8221;repeat&#8221; background_size=&#8221;initial&#8221; _builder_version=&#8221;3.18.9&#8243;]<\/p>\n<p><strong>First and last name:<\/strong> Tatjana Vuk\u010devi\u0107<br \/><strong>Phone:<\/strong> +385 98 958 5269<br \/><strong>E-mail:<\/strong> <a href=\"mailto:tatjana.vukcevic2@gmail.com\" target=\"_blank\" rel=\"noopener noreferrer\">tatjana.vukcevic2@gmail.com<\/a><br \/><strong>Languages:<\/strong> English<br \/><strong>Profession:<\/strong> Master\u2019s degree in Education &#8211; English and Croatian language and literature<br \/><strong>Education:<\/strong> Faculty of Humanities and Social Sciences in Rijeka<br \/><strong>Court interpreter:<\/strong> YES<br \/><strong>Simultaneous interpreting:<\/strong> NO<br \/><strong>Consecutive interpreting:<\/strong> NO<\/p>\n<p>[\/et_pb_text][\/et_pb_column][\/et_pb_row][\/et_pb_section]<\/p>\n","protected":false},"excerpt":{"rendered":"<p>[et_pb_section bb_built=&#8221;1&#8243; admin_label=&#8221;section&#8221;][et_pb_row admin_label=&#8221;row&#8221; background_position=&#8221;top_left&#8221; background_repeat=&#8221;repeat&#8221; background_size=&#8221;initial&#8221;][et_pb_column type=&#8221;4_4&#8243;][et_pb_text background_position=&#8221;top_left&#8221; background_repeat=&#8221;repeat&#8221; background_size=&#8221;initial&#8221; _builder_version=&#8221;3.18.9&#8243;] First and last name: Tatjana Vuk\u010devi\u0107Phone: +385 98 958 5269E-mail: tatjana.vukcevic2@gmail.comLanguages: EnglishProfession: Master\u2019s degree in Education &#8211; English and Croatian language and literatureEducation: Faculty of Humanities and Social Sciences in RijekaCourt interpreter: YESSimultaneous interpreting: NOConsecutive interpreting: NO [\/et_pb_text][\/et_pb_column][\/et_pb_row][\/et_pb_section]<\/p>\n","protected":false},"featured_media":237899,"template":"","meta":{"_et_pb_use_builder":"on","_et_pb_old_content":""},"product_cat":[545],"product_tag":[],"yoast_head":"<!-- This site is optimized with the Yoast SEO plugin v21.5 - https:\/\/yoast.com\/wordpress\/plugins\/seo\/ -->\n<title>Tatjana Vuk\u010devi\u0107 - Association STIP<\/title>\n<meta name=\"description\" content=\"First and last name: Tatjana Vuk\u010devi\u0107 Phone: +385 98 958 5269 E-mail: tatjana.vukcevic2@gmail.com Languages: English\" \/>\n<meta name=\"robots\" content=\"index, follow, max-snippet:-1, max-image-preview:large, max-video-preview:-1\" \/>\n<link rel=\"canonical\" href=\"https:\/\/stiprijeka.com\/en\/clan\/tatjana-vukcevic\/\" \/>\n<meta property=\"og:locale\" content=\"en_US\" \/>\n<meta property=\"og:type\" content=\"article\" \/>\n<meta property=\"og:title\" content=\"Tatjana Vuk\u010devi\u0107 - Association STIP\" \/>\n<meta property=\"og:description\" content=\"First and last name: Tatjana Vuk\u010devi\u0107 Phone: +385 98 958 5269 E-mail: tatjana.vukcevic2@gmail.com Languages: English\" \/>\n<meta property=\"og:url\" content=\"https:\/\/stiprijeka.com\/en\/clan\/tatjana-vukcevic\/\" \/>\n<meta property=\"og:site_name\" content=\"STIP\" \/>\n<meta property=\"article:modified_time\" content=\"2021-05-18T09:00:24+00:00\" \/>\n<meta property=\"og:image\" content=\"https:\/\/stiprijeka.com\/wp-content\/uploads\/2019\/08\/Tatjana-Vuk\u010devi\u0107-sudski-tumac-engleski.jpg\" \/>\n\t<meta property=\"og:image:width\" content=\"676\" \/>\n\t<meta property=\"og:image:height\" content=\"535\" \/>\n\t<meta property=\"og:image:type\" content=\"image\/jpeg\" \/>\n<meta name=\"twitter:card\" content=\"summary_large_image\" \/>\n<script type=\"application\/ld+json\" class=\"yoast-schema-graph\">{\"@context\":\"https:\/\/schema.org\",\"@graph\":[{\"@type\":\"WebPage\",\"@id\":\"https:\/\/stiprijeka.com\/en\/clan\/tatjana-vukcevic\/\",\"url\":\"https:\/\/stiprijeka.com\/en\/clan\/tatjana-vukcevic\/\",\"name\":\"Tatjana Vuk\u010devi\u0107 - Association STIP\",\"isPartOf\":{\"@id\":\"https:\/\/stiprijeka.com\/en\/#website\"},\"datePublished\":\"2019-08-23T09:53:02+00:00\",\"dateModified\":\"2021-05-18T09:00:24+00:00\",\"description\":\"First and last name: Tatjana Vuk\u010devi\u0107 Phone: +385 98 958 5269 E-mail: tatjana.vukcevic2@gmail.com Languages: English\",\"breadcrumb\":{\"@id\":\"https:\/\/stiprijeka.com\/en\/clan\/tatjana-vukcevic\/#breadcrumb\"},\"inLanguage\":\"en-US\",\"potentialAction\":[{\"@type\":\"ReadAction\",\"target\":[\"https:\/\/stiprijeka.com\/en\/clan\/tatjana-vukcevic\/\"]}]},{\"@type\":\"BreadcrumbList\",\"@id\":\"https:\/\/stiprijeka.com\/en\/clan\/tatjana-vukcevic\/#breadcrumb\",\"itemListElement\":[{\"@type\":\"ListItem\",\"position\":1,\"name\":\"Home\",\"item\":\"https:\/\/stiprijeka.com\/en\/translator\/\"},{\"@type\":\"ListItem\",\"position\":2,\"name\":\"Find your translator\",\"item\":\"https:\/\/stiprijeka.com\/en\/find-your-translator\/\"},{\"@type\":\"ListItem\",\"position\":3,\"name\":\"Tatjana Vuk\u010devi\u0107\"}]},{\"@type\":\"WebSite\",\"@id\":\"https:\/\/stiprijeka.com\/en\/#website\",\"url\":\"https:\/\/stiprijeka.com\/en\/\",\"name\":\"STIP\",\"description\":\"Udruga sudski tuma\u010di i prevoditelji\",\"publisher\":{\"@id\":\"https:\/\/stiprijeka.com\/en\/#organization\"},\"potentialAction\":[{\"@type\":\"SearchAction\",\"target\":{\"@type\":\"EntryPoint\",\"urlTemplate\":\"https:\/\/stiprijeka.com\/en\/?s={search_term_string}\"},\"query-input\":\"required name=search_term_string\"}],\"inLanguage\":\"en-US\"},{\"@type\":\"Organization\",\"@id\":\"https:\/\/stiprijeka.com\/en\/#organization\",\"name\":\"Udruga Sudski tuma\u010di i prevoditelji \u2013 podru\u017enica Rijeka (STIP Rijeka)\",\"url\":\"https:\/\/stiprijeka.com\/en\/\",\"logo\":{\"@type\":\"ImageObject\",\"inLanguage\":\"en-US\",\"@id\":\"https:\/\/stiprijeka.com\/en\/#\/schema\/logo\/image\/\",\"url\":\"https:\/\/stiprijeka.com\/wp-content\/uploads\/2019\/07\/stip-rijeka-logo.svg\",\"contentUrl\":\"https:\/\/stiprijeka.com\/wp-content\/uploads\/2019\/07\/stip-rijeka-logo.svg\",\"width\":115,\"height\":61,\"caption\":\"Udruga Sudski tuma\u010di i prevoditelji \u2013 podru\u017enica Rijeka (STIP Rijeka)\"},\"image\":{\"@id\":\"https:\/\/stiprijeka.com\/en\/#\/schema\/logo\/image\/\"}}]}<\/script>\n<!-- \/ Yoast SEO plugin. -->","yoast_head_json":{"title":"Tatjana Vuk\u010devi\u0107 - Association STIP","description":"First and last name: Tatjana Vuk\u010devi\u0107 Phone: +385 98 958 5269 E-mail: tatjana.vukcevic2@gmail.com Languages: English","robots":{"index":"index","follow":"follow","max-snippet":"max-snippet:-1","max-image-preview":"max-image-preview:large","max-video-preview":"max-video-preview:-1"},"canonical":"https:\/\/stiprijeka.com\/en\/clan\/tatjana-vukcevic\/","og_locale":"en_US","og_type":"article","og_title":"Tatjana Vuk\u010devi\u0107 - Association STIP","og_description":"First and last name: Tatjana Vuk\u010devi\u0107 Phone: +385 98 958 5269 E-mail: tatjana.vukcevic2@gmail.com Languages: English","og_url":"https:\/\/stiprijeka.com\/en\/clan\/tatjana-vukcevic\/","og_site_name":"STIP","article_modified_time":"2021-05-18T09:00:24+00:00","og_image":[{"width":676,"height":535,"url":"https:\/\/stiprijeka.com\/wp-content\/uploads\/2019\/08\/Tatjana-Vuk\u010devi\u0107-sudski-tumac-engleski.jpg","type":"image\/jpeg"}],"twitter_card":"summary_large_image","schema":{"@context":"https:\/\/schema.org","@graph":[{"@type":"WebPage","@id":"https:\/\/stiprijeka.com\/en\/clan\/tatjana-vukcevic\/","url":"https:\/\/stiprijeka.com\/en\/clan\/tatjana-vukcevic\/","name":"Tatjana Vuk\u010devi\u0107 - Association STIP","isPartOf":{"@id":"https:\/\/stiprijeka.com\/en\/#website"},"datePublished":"2019-08-23T09:53:02+00:00","dateModified":"2021-05-18T09:00:24+00:00","description":"First and last name: Tatjana Vuk\u010devi\u0107 Phone: +385 98 958 5269 E-mail: tatjana.vukcevic2@gmail.com Languages: English","breadcrumb":{"@id":"https:\/\/stiprijeka.com\/en\/clan\/tatjana-vukcevic\/#breadcrumb"},"inLanguage":"en-US","potentialAction":[{"@type":"ReadAction","target":["https:\/\/stiprijeka.com\/en\/clan\/tatjana-vukcevic\/"]}]},{"@type":"BreadcrumbList","@id":"https:\/\/stiprijeka.com\/en\/clan\/tatjana-vukcevic\/#breadcrumb","itemListElement":[{"@type":"ListItem","position":1,"name":"Home","item":"https:\/\/stiprijeka.com\/en\/translator\/"},{"@type":"ListItem","position":2,"name":"Find your translator","item":"https:\/\/stiprijeka.com\/en\/find-your-translator\/"},{"@type":"ListItem","position":3,"name":"Tatjana Vuk\u010devi\u0107"}]},{"@type":"WebSite","@id":"https:\/\/stiprijeka.com\/en\/#website","url":"https:\/\/stiprijeka.com\/en\/","name":"STIP","description":"Udruga sudski tuma\u010di i prevoditelji","publisher":{"@id":"https:\/\/stiprijeka.com\/en\/#organization"},"potentialAction":[{"@type":"SearchAction","target":{"@type":"EntryPoint","urlTemplate":"https:\/\/stiprijeka.com\/en\/?s={search_term_string}"},"query-input":"required name=search_term_string"}],"inLanguage":"en-US"},{"@type":"Organization","@id":"https:\/\/stiprijeka.com\/en\/#organization","name":"Udruga Sudski tuma\u010di i prevoditelji \u2013 podru\u017enica Rijeka (STIP Rijeka)","url":"https:\/\/stiprijeka.com\/en\/","logo":{"@type":"ImageObject","inLanguage":"en-US","@id":"https:\/\/stiprijeka.com\/en\/#\/schema\/logo\/image\/","url":"https:\/\/stiprijeka.com\/wp-content\/uploads\/2019\/07\/stip-rijeka-logo.svg","contentUrl":"https:\/\/stiprijeka.com\/wp-content\/uploads\/2019\/07\/stip-rijeka-logo.svg","width":115,"height":61,"caption":"Udruga Sudski tuma\u010di i prevoditelji \u2013 podru\u017enica Rijeka (STIP Rijeka)"},"image":{"@id":"https:\/\/stiprijeka.com\/en\/#\/schema\/logo\/image\/"}}]}},"_links":{"self":[{"href":"https:\/\/stiprijeka.com\/en\/wp-json\/wp\/v2\/product\/239019"}],"collection":[{"href":"https:\/\/stiprijeka.com\/en\/wp-json\/wp\/v2\/product"}],"about":[{"href":"https:\/\/stiprijeka.com\/en\/wp-json\/wp\/v2\/types\/product"}],"wp:featuredmedia":[{"embeddable":true,"href":"https:\/\/stiprijeka.com\/en\/wp-json\/wp\/v2\/media\/237899"}],"wp:attachment":[{"href":"https:\/\/stiprijeka.com\/en\/wp-json\/wp\/v2\/media?parent=239019"}],"wp:term":[{"taxonomy":"product_cat","embeddable":true,"href":"https:\/\/stiprijeka.com\/en\/wp-json\/wp\/v2\/product_cat?post=239019"},{"taxonomy":"product_tag","embeddable":true,"href":"https:\/\/stiprijeka.com\/en\/wp-json\/wp\/v2\/product_tag?post=239019"}],"curies":[{"name":"wp","href":"https:\/\/api.w.org\/{rel}","templated":true}]}}